{"id":12,"date":"2015-11-15T20:15:25","date_gmt":"2015-11-15T19:15:25","guid":{"rendered":"http:\/\/www.royalthaimassasje.no\/?page_id=12"},"modified":"2019-11-03T20:54:22","modified_gmt":"2019-11-03T19:54:22","slug":"behandlingsform","status":"publish","type":"page","link":"https:\/\/www.royalthaimassasje.no\/?page_id=12","title":{"rendered":"Behandlingsform"},"content":{"rendered":"\n<p>Ved Thai  Traditional Medicine Massasje bruker jeg kun litt \u201dbalm\u201d som avhengig av styrke kan minne om det de fleste forbinder med <br>\n\u201dTigerbalsam\u201d. Denne brukes vanligvis p\u00e5 nakke, skulder, armer og ben.<\/p>\n\n\n\n<p>Thai  Traditional Medicine Oljemassasje  er sv\u00e6rt behagelig og effektiv behandlingsform for den som f\u00e5r dette. Massasjen blir bedre og dypere. De som begynner med Thaimassasje, og senere pr\u00f8ver Oljemassasje fortsetter med dette, og den vanligste kunden velger 1,5 timer oljemassasje. Min Oljemassasje  m\u00e5 ikke forveksles med aroma-<br>\nterapi som vanligvis utf\u00f8res med lette bevegelser. \u00c5rsaken til at <br>\noljemassasje er litt dyrere, er kostnaden p\u00e5 den rene og spesielle kokosn\u00f8ttoljen som benyttes, samt at det er mye tyngre \u00e5 utf\u00f8re <br>\noljemassasje. Kokosn\u00f8ttoljen trekker seg helt inn i huden og har samme virkning som mange av oljene som benyttes ved aromaterapi. Forskjellen hos meg er oljen i tillegg til den samme massasjeteknikken.<\/p>\n\n\n\n<p>Thai  Traditional Medicine Urtemassasje (ogs\u00e5 kalt herbalmassage) utf\u00f8res med dampoppvarmede \u201dstempel-puter\u201d som presses forsiktig og rytmisk mot de ulike omr\u00e5der som behandles for \u00e5 gi \u00f8kt velv\u00e6re og avspenning. Disse putene inneholder ca 150 ulike urter, hvor dampen fra disse trekker seg inn i huden og gir muskelavslappende og lindrende virkning. Man opplever ogs\u00e5 \u00f8kt blodsirkulasjon. Har man f\u00e5tt bl\u00e5merker opplever vi ogs\u00e5 at urtebehandingen tar vekk disse eller reduserer bl\u00e5merkene i stor grad.<\/p>\n\n\n\n<h2 class=\"wp-block-heading\">Typiske omr\u00e5der for smerter\/plager som behandles:<\/h2>\n\n\n\n<ul class=\"wp-block-list\"><li> Avslapning<\/li><li> Hodepine\/migrene<\/li><li> Nakke<\/li><li> Bryst<\/li><li> Rygg<\/li><li> Skuldre<\/li><li> Armer (musearm)\/hender <\/li><li> Ben\/under f\u00f8ttene<\/li><li> Under kn\u00e6rne<\/li><li> Bekkensmerter hos kvinner <\/li><\/ul>\n","protected":false},"excerpt":{"rendered":"<p>Ved Thai Traditional Medicine Massasje bruker jeg kun litt \u201dbalm\u201d som avhengig av styrke kan minne om det de fleste forbinder med \u201dTigerbalsam\u201d. Denne brukes vanligvis p\u00e5 nakke, skulder, armer og ben. Thai Traditional Medicine Oljemassasje er sv\u00e6rt behagelig og effektiv behandlingsform for den som f\u00e5r dette. Massasjen blir bedre og dypere. De som begynner &hellip; <\/p>\n<p class=\"link-more\"><a href=\"https:\/\/www.royalthaimassasje.no\/?page_id=12\" class=\"more-link\">Fortsett \u00e5 lese<span class=\"screen-reader-text\"> \u00abBehandlingsform\u00bb<\/span><\/a><\/p>\n","protected":false},"author":1,"featured_media":331,"parent":0,"menu_order":2,"comment_status":"closed","ping_status":"closed","template":"","meta":{"footnotes":""},"class_list":["post-12","page","type-page","status-publish","has-post-thumbnail","hentry"],"_links":{"self":[{"href":"https:\/\/www.royalthaimassasje.no\/index.php?rest_route=\/wp\/v2\/pages\/12","targetHints":{"allow":["GET"]}}],"collection":[{"href":"https:\/\/www.royalthaimassasje.no\/index.php?rest_route=\/wp\/v2\/pages"}],"about":[{"href":"https:\/\/www.royalthaimassasje.no\/index.php?rest_route=\/wp\/v2\/types\/page"}],"author":[{"embeddable":true,"href":"https:\/\/www.royalthaimassasje.no\/index.php?rest_route=\/wp\/v2\/users\/1"}],"replies":[{"embeddable":true,"href":"https:\/\/www.royalthaimassasje.no\/index.php?rest_route=%2Fwp%2Fv2%2Fcomments&post=12"}],"version-history":[{"count":7,"href":"https:\/\/www.royalthaimassasje.no\/index.php?rest_route=\/wp\/v2\/pages\/12\/revisions"}],"predecessor-version":[{"id":341,"href":"https:\/\/www.royalthaimassasje.no\/index.php?rest_route=\/wp\/v2\/pages\/12\/revisions\/341"}],"wp:featuredmedia":[{"embeddable":true,"href":"https:\/\/www.royalthaimassasje.no\/index.php?rest_route=\/wp\/v2\/media\/331"}],"wp:attachment":[{"href":"https:\/\/www.royalthaimassasje.no\/index.php?rest_route=%2Fwp%2Fv2%2Fmedia&parent=12"}],"curies":[{"name":"wp","href":"https:\/\/api.w.org\/{rel}","templated":true}]}}