{"id":18,"date":"2015-11-15T20:16:44","date_gmt":"2015-11-15T19:16:44","guid":{"rendered":"http:\/\/www.royalthaimassasje.no\/?page_id=18"},"modified":"2022-04-23T17:28:32","modified_gmt":"2022-04-23T15:28:32","slug":"om-oss","status":"publish","type":"page","link":"https:\/\/www.royalthaimassasje.no\/?page_id=18","title":{"rendered":"Om oss&#8230;"},"content":{"rendered":"<p><a href=\"http:\/\/www.royalthaimassasje.no\/wp-content\/uploads\/2019\/08\/The-Union-Of-Traditional-Thai-Medicine-Society.png\"><img loading=\"lazy\" decoding=\"async\" class=\"alignright size-thumbnail wp-image-311\" src=\"http:\/\/www.royalthaimassasje.no\/wp-content\/uploads\/2019\/08\/The-Union-Of-Traditional-Thai-Medicine-Society-150x150.png\" alt=\"\" width=\"150\" height=\"150\" \/><\/a>Royal Thai Massasje eies og drives av Mayuri Johnsen, og kalles til daglig \u00abRee\u00bb som uttales \u00abRi\u00bb.\u00a0I Thailand er jeg kvalifisert for tittelen Thai Traditional Medicine Massasjeterapeut hvor jeg er sertifisert innen omr\u00e5dene Tradisjonell Thai Massassasje, Tradisjonell Thai Jordmor, Tradisjonell Thai Apoteker fra Union of Thai Traditional Medicine Society.<\/p>\n<p>Jeg en av de realativt f\u00e5 i verden som er medlem av foreningen Thai Traditional Medicine Society. I 2020 har jeg 33 \u00e5rs erfaring i faget. Jeg etablerte min virksomhet i Moss 1. desember 2008, og har mange faste kunder.<\/p>\n<table border=\"0\" width=\"100%\" bgcolor=\"#e3e3e3\">\n<tbody>\n<tr>\n<td valign=\"top\" width=\"100%\">For timebestilling treffes jeg p\u00e5 mobil: <strong>412 42 685<\/strong>. Fordel om du sender sender SMS hvis jeg er opptatt med kunder og ikke tar mobilen.<\/td>\n<\/tr>\n<\/tbody>\n<\/table>\n<p><strong>Har du behov, eller det er en akutt situasjon kan jeg ta imot behandling p\u00e5 alle helgedager eller sen ettermiddag \/ tidlig kveld.<\/strong><\/p>\n\n\n<p>Lilleeng Helsepark &#8211; Velv\u00e6reavdeling<br> Adr: Lilleengveien 8A, 1523 Moss<br> Tlf: +47 412 42 685<br> ree@royalthaimassasje.no \u2022 www.royalthaimassasje.no <\/p>\n\n\n\n<p>Bankkonto:  1503.7185490<br>\nTimebestilling p\u00e5 tlf eller SMS<br>\nMan \u2013 Fred: kl 09:00 \u2013 18:00<br>\nGir ogs\u00e5 behandling p\u00e5 kveld eller helgedager etter n\u00e6rmere avtale<\/p>\n","protected":false},"excerpt":{"rendered":"<p>Royal Thai Massasje eies og drives av Mayuri Johnsen, og kalles til daglig \u00abRee\u00bb som uttales \u00abRi\u00bb.\u00a0I Thailand er jeg kvalifisert for tittelen Thai Traditional Medicine Massasjeterapeut hvor jeg er sertifisert innen omr\u00e5dene Tradisjonell Thai Massassasje, Tradisjonell Thai Jordmor, Tradisjonell Thai Apoteker fra Union of Thai Traditional Medicine Society. Jeg en av de realativt f\u00e5 &hellip; <\/p>\n<p class=\"link-more\"><a href=\"https:\/\/www.royalthaimassasje.no\/?page_id=18\" class=\"more-link\">Fortsett \u00e5 lese<span class=\"screen-reader-text\"> \u00abOm oss&#8230;\u00bb<\/span><\/a><\/p>\n","protected":false},"author":1,"featured_media":328,"parent":0,"menu_order":0,"comment_status":"closed","ping_status":"closed","template":"","meta":{"footnotes":""},"class_list":["post-18","page","type-page","status-publish","has-post-thumbnail","hentry"],"_links":{"self":[{"href":"https:\/\/www.royalthaimassasje.no\/index.php?rest_route=\/wp\/v2\/pages\/18","targetHints":{"allow":["GET"]}}],"collection":[{"href":"https:\/\/www.royalthaimassasje.no\/index.php?rest_route=\/wp\/v2\/pages"}],"about":[{"href":"https:\/\/www.royalthaimassasje.no\/index.php?rest_route=\/wp\/v2\/types\/page"}],"author":[{"embeddable":true,"href":"https:\/\/www.royalthaimassasje.no\/index.php?rest_route=\/wp\/v2\/users\/1"}],"replies":[{"embeddable":true,"href":"https:\/\/www.royalthaimassasje.no\/index.php?rest_route=%2Fwp%2Fv2%2Fcomments&post=18"}],"version-history":[{"count":15,"href":"https:\/\/www.royalthaimassasje.no\/index.php?rest_route=\/wp\/v2\/pages\/18\/revisions"}],"predecessor-version":[{"id":429,"href":"https:\/\/www.royalthaimassasje.no\/index.php?rest_route=\/wp\/v2\/pages\/18\/revisions\/429"}],"wp:featuredmedia":[{"embeddable":true,"href":"https:\/\/www.royalthaimassasje.no\/index.php?rest_route=\/wp\/v2\/media\/328"}],"wp:attachment":[{"href":"https:\/\/www.royalthaimassasje.no\/index.php?rest_route=%2Fwp%2Fv2%2Fmedia&parent=18"}],"curies":[{"name":"wp","href":"https:\/\/api.w.org\/{rel}","templated":true}]}}